{"id":12285,"date":"2024-04-10T06:07:28","date_gmt":"2024-04-10T06:07:28","guid":{"rendered":"https:\/\/pensiuneadordemunte.ro\/?page_id=12285"},"modified":"2024-04-10T06:39:48","modified_gmt":"2024-04-10T06:39:48","slug":"politica-de-confidentialitate","status":"publish","type":"page","link":"https:\/\/pensiuneadordemunte.ro\/en\/politica-de-confidentialitate\/","title":{"rendered":"Politic\u0103 de confiden\u021bialitate"},"content":{"rendered":"<p>[et_pb_section fb_built=&#8221;1&#8243; theme_builder_area=&#8221;post_content&#8221; _builder_version=&#8221;4.24.3&#8243; _module_preset=&#8221;default&#8221; background_color=&#8221;#F7F7F2&#8243; hover_enabled=&#8221;0&#8243; sticky_enabled=&#8221;0&#8243;][et_pb_row _builder_version=&#8221;4.24.3&#8243; _module_preset=&#8221;default&#8221; theme_builder_area=&#8221;post_content&#8221; width=&#8221;70%&#8221; hover_enabled=&#8221;0&#8243; sticky_enabled=&#8221;0&#8243;][et_pb_column _builder_version=&#8221;4.24.3&#8243; _module_preset=&#8221;default&#8221; type=&#8221;4_4&#8243; theme_builder_area=&#8221;post_content&#8221;][et_pb_heading title=&#8221;Politica de confiden\u021bialitate&#8221; _builder_version=&#8221;4.24.3&#8243; _module_preset=&#8221;default&#8221; theme_builder_area=&#8221;post_content&#8221; hover_enabled=&#8221;0&#8243; sticky_enabled=&#8221;0&#8243;][\/et_pb_heading][et_pb_text _builder_version=&#8221;4.24.3&#8243; _module_preset=&#8221;default&#8221; theme_builder_area=&#8221;post_content&#8221; text_font=&#8221;|300|||||||&#8221; hover_enabled=&#8221;0&#8243; sticky_enabled=&#8221;0&#8243; link_font=&#8221;|600|||||||&#8221;]<span>Descrie modul \u00een care informa\u021biile dvs. personale sunt colectate, utilizate \u0219i partajate atunci c\u00e2nd vizita\u021bi website-ul <a href=\"https:\/\/www.pensiuneadordemunte.ro\">www.pensiuneadordemunte.ro<\/a><\/span><\/p>\n<p><strong>Informa\u021bii personale pe care le colect\u0103m<\/strong><\/p>\n<p><span>C\u00e2nd vizita\u021bi site-ul nostru, colect\u0103m automat anumite informa\u021bii despre dispozitivul dvs., inclusiv informa\u021bii despre browserul dvs. web \u0219i unele cookie-uri instalate pe dispozitiv. \u00cen plus, pe m\u0103sur\u0103 ce r\u0103sfoi\u021bi site-ul, colect\u0103m informa\u021bii despre paginile pe care le vizualiza\u021bi \u0219i informa\u021bii despre cum interac\u021biona\u021bi cu site-ul nostru. \u00cen continuare, ne vom defini acest tip de informa\u021bie colectat\u0103 automat drept \u201cInforma\u021bii despre dispozitiv\u201d.<\/span><\/p>\n<p><span>Colect\u0103m informa\u021bii despre dispozitiv folosind urm\u0103toarele tehnologii:<\/span><br \/>\n<span>\u2013 \u201cCookie-urile\u201d sunt fi\u0219iere de date care sunt plasate pe dispozitiv sau pe computer \u0219i con\u021bin adesea un identificator unic anonim. Pentru mai multe informa\u021bii despre cookie-uri \u0219i despre modul de dezactivare a cookie-urilor, vizita\u021bi https:\/\/support.google.com\/accounts\/answer\/XNUMX?co=GENIE.Platform%XNUMXDDesktop&amp;hl=en<\/span><br \/>\n<span>\u2013 \u201cfi\u0219ierelor de jurnal\u201d, informa\u021bii care apar pe site, inclusiv adresa IP, tipul browserului, furnizorul de servicii Internet, paginile de trimitere \/ ie\u0219ire \u0219i timbrele de dat\u0103\/or\u0103.<\/span><br \/>\n<span>\u2013 \u201cBeaconurile web\u201d, \u201cetichetele\u201d \u0219i \u201cpixelii\u201d sunt fi\u0219iere electronice utilizate pentru a \u00eenregistra informa\u021bii despre modul \u00een care naviga\u021bi pe site.<\/span><\/p>\n<p><span>\u00cen plus, atunci c\u00e2nd efectua\u021bi o rezervare prin intermediul website-ului nostru, colect\u0103m anumite informa\u021bii de la dvs., inclusiv numele dvs., adresa de email, ora\u0219ul \u0219i jude\u021bul de re\u0219edin\u021b\u0103 \u0219i num\u0103rul de telefon. Ne referim la aceste informa\u021bii drept \u201eInforma\u021bii despre rezervare\u201d.<\/span><\/p>\n<p><span>\u201cInforma\u021bii personale\u201d descriu informa\u021bii referitoare la dispozitive, c\u00e2t \u0219i de informa\u021bii despre rezervare.<\/span><\/p>\n<p><strong>Cum folosim informa\u021biile dvs. personale?<\/strong><\/p>\n<p><span>Utiliz\u0103m informa\u021biile despre rezerv\u0103rile efectuate pentru:<\/span><br \/>\n<span>\u2013 \u00eentre\u021binerea mijloacelor de comunicare;<\/span><br \/>\n<span>\u2013 scopuri publicitare, \u00een concordan\u021b\u0103 cu preferin\u021bele dumneavoastr\u0103. Informa\u021biile despre dispozitiv colectate sunt de asemenea folosite pentru evitarea \u0219i monitorizarea tuturor situa\u021biilor cu orice grad de risc de fraud\u0103 (\u00een special adresa IP) \u0219i, \u00een general, pentru \u00eembun\u0103t\u0103\u021birea \u0219i optimizarea site-ul nostru (de exemplu, prin analizarea modului \u00een care clien\u021bii no\u0219tri navigheaz\u0103 \u0219i interac\u021bioneaz\u0103 cu site-ul \u0219i pentru evaluarea ratei de conversiune a campaniilor noastre de marketing \u0219i publicitate).<\/span><\/p>\n<p><span>Utiliz\u0103m informa\u021biile despre dispozitiv pe care le colect\u0103m pentru a ne ajuta s\u0103 monitoriz\u0103m poten\u021bialele riscuri \u0219i fraude (\u00een special adresa IP) \u0219i, \u00een general, s\u0103 \u00eembun\u0103t\u0103\u021bim \u0219i s\u0103 optimiz\u0103m site-ul nostru (de exemplu, gener\u00e2nd analize despre modul \u00een care clien\u021bii no\u0219tri navigheaz\u0103 \u0219i interac\u021bioneaz\u0103 cu Site-ul \u0219i pentru a evalua succesul campaniilor noastre de marketing \u0219i publicitate).<\/span><\/p>\n<p><strong>\u00cemp\u0103rt\u0103\u0219irea informa\u021biilor dvs. personale<\/strong><\/p>\n<p><span>\u00cemp\u0103rt\u0103\u0219im informa\u021biile personale cu ter\u021be p\u0103r\u021bi pentru a ne ajuta s\u0103 ne folosim informa\u021biile personale, a\u0219a cum este descris mai sus. De exemplu, folosim Google Analytics pentru a ne ajuta s\u0103 \u00een\u021belegem cum clien\u021bii no\u0219tri utilizeaz\u0103 Site-ul \u2013 pute\u021bi citi mai multe despre modul \u00een care Google utilizeaz\u0103 informa\u021biile dvs. personale aici: https:\/\/www.google.com\/intl\/ro\/policies\/privacy\/. De asemenea, pute\u021bi renun\u021ba la Google Analytics aici: https:\/\/tools.google.com\/dlpage\/gaoptout.<\/span><\/p>\n<p><span>\u00cen cele din urm\u0103, putem s\u0103 v\u0103 \u00eemp\u0103rt\u0103\u0219im \u0219i informa\u021biile dvs. personale pentru a respecta legile \u0219i reglement\u0103rile aplicabile, pentru a r\u0103spunde la o cita\u021bie, mandat de c\u0103utare sau alt\u0103 solicitare legal\u0103 pentru informa\u021biile pe care le primim sau pentru a ne proteja \u00een alt mod drepturile.<\/span><\/p>\n<p><strong>Publicitate comportamental\u0103<\/strong><\/p>\n<p><span>Astfel cum este anterior-men\u021bionat, utiliz\u0103m informa\u021biile dvs. personale pentru a v\u0103 oferi reclame sau comunic\u0103ri de marketing personalizate.<\/span><\/p>\n<p><span>Pentru mai multe informa\u021bii despre promovarea personalizat\u0103, v\u0103 invit\u0103m s\u0103 accesa\u021bi:<\/span><br \/>\n<span>https:\/\/support.google.com\/adwords\/answer\/XNUMX?hl=en.<\/span><br \/>\n<span>Pentru a dezactiva promovarea personalizat\u0103, pute\u021bi accesa:<\/span><br \/>\n<span>https:\/\/www.google.com\/settings\/ads\/anonymous sau https:\/\/www.facebook.com\/settings\/?tab=ads.<\/span><\/p>\n<p><span>V\u0103 inform\u0103m c\u0103 Dor de Munte nu folose\u0219te selectiv procedurile de colectare a datelor \u0219i de utilizare a site-ului \u00een cazul \u00een care selecta\u021bi aceast\u0103 op\u021biune din browserul dumneavoastr\u0103.<\/span><\/p>\n<p><strong>Drepturile dvs.<\/strong><\/p>\n<p><span>Dac\u0103 sunte\u021bi rezident european, ave\u021bi dreptul garantat de a fi informat despre informa\u021biile personale pe care le prelucr\u0103m despre dvs. \u0219i de a redacta orice cerere \u00een acest sens, astfel cum este descris \u00een paragraful anterior. Dac\u0103 dori\u021bi exercitarea drepturilor privind prelucrarea datelor personale, v\u0103 rug\u0103m s\u0103 ne contacta\u021bi prin intermediul informa\u021biilor de contact.<\/span><\/p>\n<p><span>Totodat\u0103, dac\u0103 sunte\u021bi rezident european, v\u0103 aducem la cuno\u0219tin\u021b\u0103 faptul c\u0103 efectu\u0103m procesarea informa\u021biilor \u00een vederea \u00eendeplinirii obliga\u021biilor contractuale fa\u021b\u0103 de dvs (cu titlu de exemplu, rezervarea prin intermediul site-ului) sau pentru protejarea intereselor legitime.<\/span><\/p>\n<p><strong>Re\u021binerea datelor<\/strong><\/p>\n<p><span>Odat\u0103 cu plasarea rezerv\u0103rii prin intermediul site-ului, informa\u021biile dvs. de comand\u0103 vor fi stocate pentru registrele proprii, cu excep\u021bia cazului \u00een care v\u0103 exercita\u021bi drepturile privind datele cu caracter personal.<\/span><\/p>\n<p><strong>Modific\u0103ri<\/strong><\/p>\n<p><span>Ne rezerv\u0103m dreptul de a actualiza periodic politica de confiden\u021bialitate pentru a ne alinia la modific\u0103rile aduse legisla\u021biei \u00een vigoare, a procedurilor interne sau din alte motive.<\/span><\/p>\n<p><strong>Contacteaz\u0103-ne<\/strong><\/p>\n<p><span>Pentru mai multe informa\u021bii despre politicile noastre de confiden\u021bialitate, dac\u0103 ave\u021bi \u00eentreb\u0103ri sau dori\u021bi s\u0103 face\u021bi o reclama\u021bie, v\u0103 rug\u0103m s\u0103 ne contacta\u021bi prin e-mail la <a href=\"mailto:contact@pensiuneadordemunte.ro\">contact@pensiuneadordemunte.ro<\/a><\/span>[\/et_pb_text][\/et_pb_column][\/et_pb_row][\/et_pb_section]<\/p>\n","protected":false},"excerpt":{"rendered":"<p>Descrie modul \u00een care informa\u021biile dvs. personale sunt colectate, utilizate \u0219i partajate atunci c\u00e2nd vizita\u021bi website-ul www.pensiuneadordemunte.ro Informa\u021bii personale pe care le colect\u0103m C\u00e2nd vizita\u021bi site-ul nostru, colect\u0103m automat anumite informa\u021bii despre dispozitivul dvs., inclusiv informa\u021bii despre browserul dvs. web \u0219i unele cookie-uri instalate pe dispozitiv. \u00cen plus, pe m\u0103sur\u0103 ce r\u0103sfoi\u021bi site-ul, colect\u0103m informa\u021bii [&hellip;]<\/p>\n","protected":false},"author":1,"featured_media":0,"parent":0,"menu_order":0,"comment_status":"closed","ping_status":"closed","template":"","meta":{"_et_pb_use_builder":"on","_et_pb_old_content":"","_et_gb_content_width":"","footnotes":""},"class_list":["post-12285","page","type-page","status-publish","hentry"],"_links":{"self":[{"href":"https:\/\/pensiuneadordemunte.ro\/en\/wp-json\/wp\/v2\/pages\/12285","targetHints":{"allow":["GET"]}}],"collection":[{"href":"https:\/\/pensiuneadordemunte.ro\/en\/wp-json\/wp\/v2\/pages"}],"about":[{"href":"https:\/\/pensiuneadordemunte.ro\/en\/wp-json\/wp\/v2\/types\/page"}],"author":[{"embeddable":true,"href":"https:\/\/pensiuneadordemunte.ro\/en\/wp-json\/wp\/v2\/users\/1"}],"replies":[{"embeddable":true,"href":"https:\/\/pensiuneadordemunte.ro\/en\/wp-json\/wp\/v2\/comments?post=12285"}],"version-history":[{"count":12,"href":"https:\/\/pensiuneadordemunte.ro\/en\/wp-json\/wp\/v2\/pages\/12285\/revisions"}],"predecessor-version":[{"id":12302,"href":"https:\/\/pensiuneadordemunte.ro\/en\/wp-json\/wp\/v2\/pages\/12285\/revisions\/12302"}],"wp:attachment":[{"href":"https:\/\/pensiuneadordemunte.ro\/en\/wp-json\/wp\/v2\/media?parent=12285"}],"curies":[{"name":"wp","href":"https:\/\/api.w.org\/{rel}","templated":true}]}}