{"id":13915,"date":"2024-07-11T07:13:23","date_gmt":"2024-07-11T07:13:23","guid":{"rendered":"https:\/\/pensiuneadordemunte.ro\/?page_id=13915"},"modified":"2025-08-20T12:48:50","modified_gmt":"2025-08-20T12:48:50","slug":"oferta-revelion","status":"publish","type":"page","link":"https:\/\/pensiuneadordemunte.ro\/en\/oferta-revelion\/","title":{"rendered":"Ofert\u0103 Revelion"},"content":{"rendered":"<p>[et_pb_section fb_built=&#8221;1&#8243; custom_padding_last_edited=&#8221;on|phone&#8221; _builder_version=&#8221;4.25.2&#8243; _module_preset=&#8221;default&#8221; use_background_color_gradient=&#8221;on&#8221; background_color_gradient_stops=&#8221;rgba(0,0,0,0.2) 0%|rgba(0,0,0,0.2) 100%&#8221; background_color_gradient_overlays_image=&#8221;on&#8221; background_image=&#8221;https:\/\/pensiuneadordemunte.ro\/wp-content\/uploads\/2024\/07\/iarna-exterior-lumini.webp&#8221; height=&#8221;75vh&#8221; height_tablet=&#8221;75vh&#8221; height_phone=&#8221;50vh&#8221; height_last_edited=&#8221;on|phone&#8221; custom_padding_tablet=&#8221;&#8221; custom_padding_phone=&#8221;150px||||false|false&#8221; background_last_edited=&#8221;on|phone&#8221; background_position_phone=&#8221;top_center&#8221; global_colors_info=&#8221;{}&#8221;][et_pb_row custom_padding_last_edited=&#8221;on|phone&#8221; _builder_version=&#8221;4.24.3&#8243; _module_preset=&#8221;default&#8221; custom_padding=&#8221;25vh||||false|false&#8221; custom_padding_tablet=&#8221;25vh||||false|false&#8221; custom_padding_phone=&#8221;7vh||||false|false&#8221; global_colors_info=&#8221;{}&#8221;][et_pb_column type=&#8221;4_4&#8243; _builder_version=&#8221;4.24.3&#8243; _module_preset=&#8221;default&#8221; global_colors_info=&#8221;{}&#8221;][et_pb_heading title=&#8221;Revelion \u00een Bucovina&#8221; _builder_version=&#8221;4.25.2&#8243; _module_preset=&#8221;default&#8221; title_font=&#8221;Playfair Display|700|||||||&#8221; title_text_align=&#8221;center&#8221; title_text_color=&#8221;#F7F7F2&#8243; global_colors_info=&#8221;{}&#8221;][\/et_pb_heading][\/et_pb_column][\/et_pb_row][\/et_pb_section][et_pb_section fb_built=&#8221;1&#8243; custom_padding_last_edited=&#8221;on|phone&#8221; _builder_version=&#8221;4.24.2&#8243; _module_preset=&#8221;default&#8221; use_background_color_gradient=&#8221;on&#8221; background_color_gradient_stops=&#8221;rgba(247,247,242,0.97) 0%|rgba(247,247,242,0.97) 100%&#8221; background_color_gradient_overlays_image=&#8221;on&#8221; background_image=&#8221;https:\/\/pensiuneadordemunte.ro\/wp-content\/uploads\/2024\/02\/pattern.svg&#8221; background_size=&#8221;contain&#8221; custom_padding_tablet=&#8221;&#8221; custom_padding_phone=&#8221;30px||30px||true|false&#8221; background_last_edited=&#8221;on|tablet&#8221; background_size_tablet=&#8221;custom&#8221; background_image_width_tablet=&#8221;200%&#8221; global_colors_info=&#8221;{}&#8221;][et_pb_row custom_padding_last_edited=&#8221;on|phone&#8221; _builder_version=&#8221;4.24.2&#8243; _module_preset=&#8221;default&#8221; custom_padding=&#8221;|10%||10%|false|true&#8221; custom_padding_tablet=&#8221;|10%||10%|false|true&#8221; custom_padding_phone=&#8221;|0%||0%|false|true&#8221; global_colors_info=&#8221;{}&#8221;][et_pb_column type=&#8221;4_4&#8243; _builder_version=&#8221;4.24.2&#8243; _module_preset=&#8221;default&#8221; global_colors_info=&#8221;{}&#8221;][et_pb_text _builder_version=&#8221;4.25.2&#8243; _module_preset=&#8221;default&#8221; text_font=&#8221;|300|||||||&#8221; text_orientation=&#8221;center&#8221; animation_style=&#8221;slide&#8221; animation_direction=&#8221;bottom&#8221; animation_intensity_slide=&#8221;5%&#8221; global_colors_info=&#8221;{}&#8221;]<\/p>\n<p><span>Petrece cump\u0103na dintre ani \u00eentr-un col\u021b de rai, \u00eenconjurat de oameni frumo\u0219i, peisaje unice \u0219i armonie. \u00cen noaptea de Revelion am preg\u0103tit pentru voi momente speciale cu muzic\u0103, voie bun\u0103 \u0219i o mas\u0103 festiv\u0103 \u00eembel\u0219ugat\u0103 de preparate tradi\u021bionale nemaipomenite. La miezul nop\u021bii, sub cerul luminat de artificii vom rosti \u00eempreun\u0103 \u201eLa mul\u021bi ani!\u201d \u0219i \u201eUn an nou fericit!\u201d, sper\u00e2nd la s\u0103n\u0103tate, prosperitate \u0219i noroc \u00een anul ce vine. <\/span><\/p>\n<p>[\/et_pb_text][\/et_pb_column][\/et_pb_row][\/et_pb_section][et_pb_section fb_built=&#8221;1&#8243; _builder_version=&#8221;4.24.2&#8243; _module_preset=&#8221;default&#8221; background_color=&#8221;#F7F7F2&#8243; custom_padding=&#8221;0px||0px||true|false&#8221; global_colors_info=&#8221;{}&#8221;][et_pb_row _builder_version=&#8221;4.24.2&#8243; _module_preset=&#8221;default&#8221; width_tablet=&#8221;&#8221; width_phone=&#8221;90%&#8221; width_last_edited=&#8221;on|phone&#8221; max_width_tablet=&#8221;&#8221; max_width_phone=&#8221;90%&#8221; max_width_last_edited=&#8221;on|phone&#8221; custom_padding=&#8221;0px||0px||true|false&#8221; global_colors_info=&#8221;{}&#8221;][et_pb_column type=&#8221;4_4&#8243; _builder_version=&#8221;4.24.2&#8243; _module_preset=&#8221;default&#8221; global_colors_info=&#8221;{}&#8221;][et_pb_image src=&#8221;https:\/\/pensiuneadordemunte.ro\/wp-content\/uploads\/2025\/08\/oferta_Revelion-2026-scaled.png&#8221; title_text=&#8221;ofert\u0103_Revelion-2026&#8243; show_in_lightbox=&#8221;on&#8221; _builder_version=&#8221;4.27.4&#8243; _module_preset=&#8221;default&#8221; width=&#8221;70%&#8221; module_alignment=&#8221;center&#8221; animation_style=&#8221;slide&#8221; animation_direction=&#8221;bottom&#8221; animation_intensity_slide=&#8221;2%&#8221; hover_enabled=&#8221;0&#8243; global_colors_info=&#8221;{}&#8221; sticky_enabled=&#8221;0&#8243;][\/et_pb_image][dsm_button button_one_text=&#8221;Rezerv\u0103&#8221; button_one_url_type=&#8221;phone&#8221; button_one_phone_number=&#8221;+40744390365&#8243; button_one_url_new_window=&#8221;on&#8221; button_alignment=&#8221;center&#8221; _builder_version=&#8221;4.24.3&#8243; _module_preset=&#8221;default&#8221; custom_button_one=&#8221;on&#8221; button_one_border_width=&#8221;1px&#8221; button_one_icon=&#8221;&#x24;||divi||400&#8243; button_one_bg_color_last_edited=&#8221;off|desktop&#8221; global_colors_info=&#8221;{}&#8221; button_one_bg_color__hover_enabled=&#8221;on|hover&#8221; button_one_bg_color__hover=&#8221;#2D232E&#8221; button_one_bg_enable_color__hover=&#8221;on&#8221;][\/dsm_button][\/et_pb_column][\/et_pb_row][\/et_pb_section][et_pb_section fb_built=&#8221;1&#8243; _builder_version=&#8221;4.24.2&#8243; _module_preset=&#8221;default&#8221; background_color=&#8221;#F7F7F2&#8243; custom_padding=&#8221;30px||0px||false|false&#8221; global_colors_info=&#8221;{}&#8221;][et_pb_row column_structure=&#8221;1_3,1_3,1_3&#8243; use_custom_gutter=&#8221;on&#8221; gutter_width=&#8221;1&#8243; disabled_on=&#8221;on|on|off&#8221; admin_label=&#8221;Rand Desktop&#8221; _builder_version=&#8221;4.24.2&#8243; _module_preset=&#8221;default&#8221; global_colors_info=&#8221;{}&#8221;][et_pb_column type=&#8221;1_3&#8243; _builder_version=&#8221;4.24.0&#8243; _module_preset=&#8221;default&#8221; global_colors_info=&#8221;{}&#8221;][et_pb_image src=&#8221;https:\/\/pensiuneadordemunte.ro\/wp-content\/uploads\/2024\/02\/half-divider-verde.svg&#8221; title_text=&#8221;half divider verde&#8221; show_bottom_space=&#8221;off&#8221; align=&#8221;right&#8221; _builder_version=&#8221;4.24.2&#8243; _module_preset=&#8221;default&#8221; width=&#8221;40%&#8221; custom_margin=&#8221;8px|-5vw|||false|false&#8221; custom_padding=&#8221;||||false|false&#8221; animation_style=&#8221;slide&#8221; animation_direction=&#8221;left&#8221; animation_intensity_slide=&#8221;3%&#8221; global_colors_info=&#8221;{}&#8221;][\/et_pb_image][\/et_pb_column][et_pb_column type=&#8221;1_3&#8243; _builder_version=&#8221;4.24.0&#8243; _module_preset=&#8221;default&#8221; global_colors_info=&#8221;{}&#8221;][et_pb_heading title=&#8221;Galerie&#8221; _builder_version=&#8221;4.24.2&#8243; _module_preset=&#8221;default&#8221; title_text_align=&#8221;center&#8221; title_text_color=&#8221;#737042&#8243; custom_margin=&#8221;||||false|false&#8221; custom_padding=&#8221;||||false|false&#8221; animation_style=&#8221;slide&#8221; animation_direction=&#8221;top&#8221; animation_intensity_slide=&#8221;5%&#8221; global_colors_info=&#8221;{}&#8221;][\/et_pb_heading][\/et_pb_column][et_pb_column type=&#8221;1_3&#8243; _builder_version=&#8221;4.24.0&#8243; _module_preset=&#8221;default&#8221; global_colors_info=&#8221;{}&#8221;][et_pb_image src=&#8221;https:\/\/pensiuneadordemunte.ro\/wp-content\/uploads\/2024\/02\/half-divider-verde.svg&#8221; title_text=&#8221;half divider verde&#8221; show_bottom_space=&#8221;off&#8221; _builder_version=&#8221;4.24.2&#8243; _module_preset=&#8221;default&#8221; transform_rotate=&#8221;0deg|0deg|180deg&#8221; width=&#8221;40%&#8221; custom_margin=&#8221;10px|||-5vw|false|false&#8221; custom_padding=&#8221;||||false|false&#8221; animation_style=&#8221;slide&#8221; animation_direction=&#8221;right&#8221; animation_intensity_slide=&#8221;3%&#8221; global_colors_info=&#8221;{}&#8221;][\/et_pb_image][\/et_pb_column][\/et_pb_row][et_pb_row column_structure=&#8221;1_3,1_3,1_3&#8243; use_custom_gutter=&#8221;on&#8221; gutter_width=&#8221;1&#8243; disabled_on=&#8221;off|off|on&#8221; admin_label=&#8221;Mobile&#8221; _builder_version=&#8221;4.24.2&#8243; _module_preset=&#8221;default&#8221; width_tablet=&#8221;&#8221; width_phone=&#8221;95%&#8221; width_last_edited=&#8221;on|phone&#8221; max_width=&#8221;80%&#8221; max_width_tablet=&#8221;80%&#8221; max_width_phone=&#8221;95%&#8221; max_width_last_edited=&#8221;on|phone&#8221; custom_css_main_element=&#8221;display:flex;&#8221; global_colors_info=&#8221;{}&#8221;][et_pb_column type=&#8221;1_3&#8243; _builder_version=&#8221;4.24.2&#8243; _module_preset=&#8221;default&#8221; custom_css_main_element=&#8221;width:25%!important;&#8221; global_colors_info=&#8221;{}&#8221;][et_pb_image src=&#8221;https:\/\/pensiuneadordemunte.ro\/wp-content\/uploads\/2024\/02\/half-divider-verde.svg&#8221; title_text=&#8221;half divider verde&#8221; show_bottom_space=&#8221;off&#8221; align=&#8221;right&#8221; _builder_version=&#8221;4.24.2&#8243; _module_preset=&#8221;default&#8221; width_tablet=&#8221;95%&#8221; width_phone=&#8221;100%&#8221; width_last_edited=&#8221;on|phone&#8221; custom_margin=&#8221;3px||||false|false&#8221; custom_margin_tablet=&#8221;|-8vw|||false|false&#8221; custom_margin_phone=&#8221;|-5vw|||false|false&#8221; custom_margin_last_edited=&#8221;on|phone&#8221; custom_padding=&#8221;||||false|false&#8221; global_colors_info=&#8221;{}&#8221;][\/et_pb_image][\/et_pb_column][et_pb_column type=&#8221;1_3&#8243; _builder_version=&#8221;4.24.2&#8243; _module_preset=&#8221;default&#8221; custom_css_main_element=&#8221;width:50%!important;&#8221; global_colors_info=&#8221;{}&#8221;][et_pb_heading title=&#8221;Galerie&#8221; _builder_version=&#8221;4.24.2&#8243; _module_preset=&#8221;default&#8221; title_text_align=&#8221;center&#8221; title_text_color=&#8221;#737042&#8243; custom_margin=&#8221;-5px||||false|false&#8221; custom_padding=&#8221;||||false|false&#8221; global_colors_info=&#8221;{}&#8221;][\/et_pb_heading][\/et_pb_column][et_pb_column type=&#8221;1_3&#8243; _builder_version=&#8221;4.24.2&#8243; _module_preset=&#8221;default&#8221; custom_css_main_element=&#8221;width:25%!important;&#8221; global_colors_info=&#8221;{}&#8221;][et_pb_image src=&#8221;https:\/\/pensiuneadordemunte.ro\/wp-content\/uploads\/2024\/02\/half-divider-verde.svg&#8221; title_text=&#8221;half divider verde&#8221; show_bottom_space=&#8221;off&#8221; _builder_version=&#8221;4.24.2&#8243; _module_preset=&#8221;default&#8221; transform_rotate=&#8221;0deg|0deg|180deg&#8221; width_tablet=&#8221;95%&#8221; width_phone=&#8221;100%&#8221; width_last_edited=&#8221;on|phone&#8221; custom_margin=&#8221;5px||||false|false&#8221; custom_margin_tablet=&#8221;5px|||-8vw|false|false&#8221; custom_margin_phone=&#8221;|||-5vw|false|false&#8221; custom_margin_last_edited=&#8221;on|phone&#8221; custom_padding=&#8221;||||false|false&#8221; global_colors_info=&#8221;{}&#8221;][\/et_pb_image][\/et_pb_column][\/et_pb_row][et_pb_row custom_padding_last_edited=&#8221;on|tablet&#8221; _builder_version=&#8221;4.24.2&#8243; _module_preset=&#8221;default&#8221; custom_padding=&#8221;|10%||10%|false|true&#8221; custom_padding_tablet=&#8221;0px|||10%|false|false&#8221; custom_padding_phone=&#8221;|0%||0%|false|true&#8221; global_colors_info=&#8221;{}&#8221;][et_pb_column type=&#8221;4_4&#8243; _builder_version=&#8221;4.24.2&#8243; _module_preset=&#8221;default&#8221; global_colors_info=&#8221;{}&#8221;][et_pb_text _builder_version=&#8221;4.25.2&#8243; _module_preset=&#8221;default&#8221; text_font=&#8221;|300|||||||&#8221; text_orientation=&#8221;center&#8221; animation_style=&#8221;slide&#8221; animation_direction=&#8221;bottom&#8221; animation_intensity_slide=&#8221;5%&#8221; global_colors_info=&#8221;{}&#8221;]<\/p>\n<p><span>La Dor de Munte, fiecare s\u0103rb\u0103toare o adev\u0103rat\u0103 incursiune \u00een inima tradi\u021biilor \u0219i culturii noastre, o experien\u021b\u0103 care ajunge imediat la sufletul fiec\u0103rui oaspete. Acestea sunt momente unice care v\u0103 ofer\u0103 nu doar relaxare \u0219i distrac\u021bie, ci \u0219i o leg\u0103tur\u0103 profund\u0103 cu trecutul \u0219i autenticitatea Bucovinei.<\/span><\/p>\n<p>[\/et_pb_text][\/et_pb_column][\/et_pb_row][et_pb_row custom_padding_last_edited=&#8221;on|tablet&#8221; _builder_version=&#8221;4.24.2&#8243; _module_preset=&#8221;default&#8221; width=&#8221;98%&#8221; width_tablet=&#8221;95%&#8221; width_phone=&#8221;100%&#8221; width_last_edited=&#8221;on|phone&#8221; max_width=&#8221;98%&#8221; max_width_tablet=&#8221;95%&#8221; max_width_phone=&#8221;100%&#8221; max_width_last_edited=&#8221;on|phone&#8221; module_alignment=&#8221;right&#8221; custom_padding=&#8221;||0px||false|false&#8221; custom_padding_tablet=&#8221;0px||||false|false&#8221; custom_padding_phone=&#8221;0px||||false|false&#8221; module_alignment_tablet=&#8221;&#8221; module_alignment_phone=&#8221;left&#8221; module_alignment_last_edited=&#8221;on|tablet&#8221; global_colors_info=&#8221;{}&#8221;][et_pb_column type=&#8221;4_4&#8243; _builder_version=&#8221;4.24.2&#8243; _module_preset=&#8221;default&#8221; global_colors_info=&#8221;{}&#8221;][ba_image_carousel content_alignment=&#8221;center&#8221; is_variable_width=&#8221;on&#8221; slide_width=&#8221;500px&#8221; carousel_spacing_top=&#8221;0px&#8221; carousel_spacing_bottom=&#8221;0px&#8221; nav_color=&#8221;#F7F7F2&#8243; nav_bg=&#8221;#737042&#8243; nav_pos_x=&#8221;0px&#8221; icon_right=&#8221;&#x24;||divi||400&#8243; right_border_radius=&#8221;on|0px|0px|0px|0px&#8221; slide_width_tablet=&#8221;500px&#8221; slide_width_phone=&#8221;350px&#8221; slide_width_last_edited=&#8221;on|phone&#8221; nav_pos_x_tablet=&#8221;&#8221; nav_pos_x_phone=&#8221;0px&#8221; nav_pos_x_last_edited=&#8221;on|phone&#8221; _builder_version=&#8221;4.25.2&#8243; _module_preset=&#8221;default&#8221; custom_css_nav_prev=&#8221;display:none!important;&#8221; global_colors_info=&#8221;{}&#8221;][ba_image_carousel_child photo=&#8221;https:\/\/pensiuneadordemunte.ro\/wp-content\/uploads\/2024\/03\/0S1A5578.webp&#8221; image_height=&#8221;400px&#8221; _builder_version=&#8221;4.25.2&#8243; _module_preset=&#8221;default&#8221; global_colors_info=&#8221;{}&#8221;][\/ba_image_carousel_child][ba_image_carousel_child photo=&#8221;https:\/\/pensiuneadordemunte.ro\/wp-content\/uploads\/2024\/07\/decoratiuni-craciun.webp&#8221; image_height=&#8221;400px&#8221; _builder_version=&#8221;4.25.2&#8243; _module_preset=&#8221;default&#8221; global_colors_info=&#8221;{}&#8221;][\/ba_image_carousel_child][ba_image_carousel_child photo=&#8221;https:\/\/pensiuneadordemunte.ro\/wp-content\/uploads\/2024\/03\/0D4A2061.webp&#8221; image_height=&#8221;400px&#8221; _builder_version=&#8221;4.25.2&#8243; _module_preset=&#8221;default&#8221; global_colors_info=&#8221;{}&#8221;][\/ba_image_carousel_child][ba_image_carousel_child photo=&#8221;https:\/\/pensiuneadordemunte.ro\/wp-content\/uploads\/2024\/03\/protap.webp&#8221; image_height=&#8221;400px&#8221; _builder_version=&#8221;4.25.2&#8243; _module_preset=&#8221;default&#8221; global_colors_info=&#8221;{}&#8221;][\/ba_image_carousel_child][ba_image_carousel_child photo=&#8221;https:\/\/pensiuneadordemunte.ro\/wp-content\/uploads\/2024\/07\/iarna-exterior-lumini.webp&#8221; title=&#8221;Vezi toat\u0103 galeria&#8221; use_button=&#8221;on&#8221; button_text=&#8221;Descoper\u0103&#8221; content_alignment=&#8221;center&#8221; content_type=&#8221;absolute&#8221; image_height=&#8221;400px&#8221; _builder_version=&#8221;4.25.2&#8243; _dynamic_attributes=&#8221;link_option_url&#8221; _module_preset=&#8221;default&#8221; title_font=&#8221;Playfair Display||||||||&#8221; title_text_color=&#8221;#F7F7F2&#8243; title_font_size=&#8221;30px&#8221; custom_button=&#8221;on&#8221; button_text_color=&#8221;#F7F7F2&#8243; button_border_width=&#8221;1px&#8221; button_border_color=&#8221;#F7F7F2&#8243; button_custom_margin=&#8221;|||32%|false|false&#8221; button_custom_margin_tablet=&#8221;|||32%|false|false&#8221; button_custom_margin_phone=&#8221;|||23%|false|false&#8221; button_custom_margin_last_edited=&#8221;on|phone&#8221; link_option_url=&#8221;@ET-DC@eyJkeW5hbWljIjp0cnVlLCJjb250ZW50IjoicG9zdF9saW5rX3VybF9wYWdlIiwic2V0dGluZ3MiOnsicG9zdF9pZCI6IjMyIiwiZW5hYmxlX2h0bWwiOiJvZmYifX0=@&#8221; global_colors_info=&#8221;{}&#8221;][\/ba_image_carousel_child][\/ba_image_carousel][\/et_pb_column][\/et_pb_row][\/et_pb_section]<\/p>\n","protected":false},"excerpt":{"rendered":"<p>Petrece cump\u0103na dintre ani \u00eentr-un col\u021b de rai, \u00eenconjurat de oameni frumo\u0219i, peisaje unice \u0219i armonie. \u00cen noaptea de Revelion am preg\u0103tit pentru voi momente speciale cu muzic\u0103, voie bun\u0103 \u0219i o mas\u0103 festiv\u0103 \u00eembel\u0219ugat\u0103 de preparate tradi\u021bionale nemaipomenite. La miezul nop\u021bii, sub cerul luminat de artificii vom rosti \u00eempreun\u0103 \u201eLa mul\u021bi ani!\u201d \u0219i \u201eUn [&hellip;]<\/p>\n","protected":false},"author":1,"featured_media":13910,"parent":0,"menu_order":0,"comment_status":"closed","ping_status":"closed","template":"","meta":{"_et_pb_use_builder":"on","_et_pb_old_content":"","_et_gb_content_width":"","footnotes":""},"class_list":["post-13915","page","type-page","status-publish","has-post-thumbnail","hentry"],"_links":{"self":[{"href":"https:\/\/pensiuneadordemunte.ro\/en\/wp-json\/wp\/v2\/pages\/13915","targetHints":{"allow":["GET"]}}],"collection":[{"href":"https:\/\/pensiuneadordemunte.ro\/en\/wp-json\/wp\/v2\/pages"}],"about":[{"href":"https:\/\/pensiuneadordemunte.ro\/en\/wp-json\/wp\/v2\/types\/page"}],"author":[{"embeddable":true,"href":"https:\/\/pensiuneadordemunte.ro\/en\/wp-json\/wp\/v2\/users\/1"}],"replies":[{"embeddable":true,"href":"https:\/\/pensiuneadordemunte.ro\/en\/wp-json\/wp\/v2\/comments?post=13915"}],"version-history":[{"count":11,"href":"https:\/\/pensiuneadordemunte.ro\/en\/wp-json\/wp\/v2\/pages\/13915\/revisions"}],"predecessor-version":[{"id":14509,"href":"https:\/\/pensiuneadordemunte.ro\/en\/wp-json\/wp\/v2\/pages\/13915\/revisions\/14509"}],"wp:featuredmedia":[{"embeddable":true,"href":"https:\/\/pensiuneadordemunte.ro\/en\/wp-json\/wp\/v2\/media\/13910"}],"wp:attachment":[{"href":"https:\/\/pensiuneadordemunte.ro\/en\/wp-json\/wp\/v2\/media?parent=13915"}],"curies":[{"name":"wp","href":"https:\/\/api.w.org\/{rel}","templated":true}]}}